{"id":110,"date":"2026-02-16T14:22:49","date_gmt":"2026-02-16T13:22:49","guid":{"rendered":"https:\/\/klotzsch.kuebler-webseite.de\/?page_id=110"},"modified":"2026-02-16T16:12:57","modified_gmt":"2026-02-16T15:12:57","slug":"ueber-uns","status":"publish","type":"page","link":"https:\/\/klotzsch.com\/?page_id=110","title":{"rendered":"\u00dcber uns"},"content":{"rendered":"\t\t<div data-elementor-type=\"wp-page\" data-elementor-id=\"110\" class=\"elementor elementor-110\" data-elementor-post-type=\"page\">\n\t\t\t\t<div class=\"elementor-element elementor-element-6679b45d e-con-full e-flex e-con e-parent\" data-id=\"6679b45d\" data-element_type=\"container\" data-e-type=\"container\">\n\t\t\t\t<div class=\"elementor-element elementor-element-4a102010 elementor--h-position-left elementor--v-position-bottom elementor-widget elementor-widget-slides\" data-id=\"4a102010\" data-element_type=\"widget\" data-e-type=\"widget\" data-settings=\"{&quot;navigation&quot;:&quot;none&quot;,&quot;autoplay&quot;:&quot;yes&quot;,&quot;autoplay_speed&quot;:5000,&quot;infinite&quot;:&quot;yes&quot;,&quot;transition&quot;:&quot;slide&quot;,&quot;transition_speed&quot;:500}\" data-widget_type=\"slides.default\">\n\t\t\t\t\t\t\t\t\t\t<div class=\"elementor-slides-wrapper elementor-main-swiper swiper\" role=\"region\" aria-roledescription=\"carousel\" aria-label=\"Slides\" dir=\"ltr\" data-animation=\"fadeInUp\">\n\t\t\t\t<div class=\"swiper-wrapper elementor-slides\">\n\t\t\t\t\t\t\t\t\t\t<div class=\"elementor-repeater-item-9a8c82a swiper-slide\" role=\"group\" aria-roledescription=\"slide\"><div class=\"swiper-slide-bg elementor-ken-burns elementor-ken-burns--in\" role=\"img\" aria-label=\"Gira OBJ W\u00f6rthsee 13\"><\/div><div class=\"elementor-background-overlay\"><\/div><div class=\"swiper-slide-inner\" ><div class=\"swiper-slide-contents\"><div class=\"elementor-slide-heading\">Auf in die Zukunft!<\/div><\/div><\/div><\/div>\t\t\t\t<\/div>\n\t\t\t\t\t\t\t<\/div>\n\t\t\t\t\t\t\t\t<\/div>\n\t\t\t\t<\/div>\n\t\t<div class=\"elementor-element elementor-element-2af52344 e-flex e-con-boxed e-con e-parent\" data-id=\"2af52344\" data-element_type=\"container\" data-e-type=\"container\">\n\t\t\t\t\t<div class=\"e-con-inner\">\n\t\t\t\t<div class=\"elementor-element elementor-element-1e2fb1ba elementor-widget elementor-widget-heading\" data-id=\"1e2fb1ba\" data-element_type=\"widget\" data-e-type=\"widget\" data-widget_type=\"heading.default\">\n\t\t\t\t\t<h1 class=\"elementor-heading-title elementor-size-default\">\u00dcber uns<\/h1>\t\t\t\t<\/div>\n\t\t\t\t\t<\/div>\n\t\t\t\t<\/div>\n\t\t<div class=\"elementor-element elementor-element-94af5fc e-flex e-con-boxed e-con e-parent\" data-id=\"94af5fc\" data-element_type=\"container\" data-e-type=\"container\">\n\t\t\t\t\t<div class=\"e-con-inner\">\n\t\t<div class=\"elementor-element elementor-element-d8a315d e-con-full e-flex e-con e-child\" data-id=\"d8a315d\" data-element_type=\"container\" data-e-type=\"container\">\n\t\t\t\t<div class=\"elementor-element elementor-element-069f3eb elementor-widget elementor-widget-text-editor\" data-id=\"069f3eb\" data-element_type=\"widget\" data-e-type=\"widget\" data-widget_type=\"text-editor.default\">\n\t\t\t\t\t\t\t\t\t<p>Elektroinstallationen Klotzsch ist ein traditionsreicher Fachbetrieb und wurde im Jahr 1911 gegr\u00fcndet. Heute stehen wir Ihnen bereits in der <br \/>3. Generation als kompetenter Partner f\u00fcr moderne Elektroinstallationen zur Verf\u00fcgung.<\/p><p>Unser Team aus 9 engagierten Mitarbeitern setzt Ihre W\u00fcnsche rund um zeitgem\u00e4\u00dfe und zuverl\u00e4ssige Elektrotechnik fachgerecht um. Dabei liegt unser besonderer Fokus auf den Bereichen Hausinstallation, Bussysteme, Sicherheitstechnik sowie Jalousiesteuerung.<\/p><p>Jung, innovativ und zukunftsorientiert \u2013 innovative Ideen sind f\u00fcr uns der Schl\u00fcssel zu nachhaltigen L\u00f6sungen. <br \/>Deshalb entwickeln wir Konzepte, die nicht nur heute \u00fcberzeugen, sondern auch f\u00fcr morgen bestens ger\u00fcstet sind.<\/p><p>Gerne beraten wir Sie pers\u00f6nlich und individuell.<br \/><br \/>Rufen Sie uns an \u2013 wir freuen uns auf Sie.<\/p>\t\t\t\t\t\t\t\t<\/div>\n\t\t\t\t<\/div>\n\t\t\t\t\t<\/div>\n\t\t\t\t<\/div>\n\t\t\t\t<\/div>\n\t\t","protected":false},"excerpt":{"rendered":"<p>Auf in die Zukunft! \u00dcber uns Elektroinstallationen Klotzsch ist ein traditionsreicher Fachbetrieb und wurde im Jahr 1911 gegr\u00fcndet. Heute stehen wir Ihnen bereits in der 3. Generation als kompetenter Partner f\u00fcr moderne Elektroinstallationen zur Verf\u00fcgung. Unser Team aus 9 engagierten Mitarbeitern setzt Ihre W\u00fcnsche rund um zeitgem\u00e4\u00dfe und zuverl\u00e4ssige Elektrotechnik fachgerecht um. Dabei liegt unser [&hellip;]<\/p>\n","protected":false},"author":6,"featured_media":0,"parent":0,"menu_order":0,"comment_status":"closed","ping_status":"closed","template":"","meta":{"footnotes":""},"class_list":["post-110","page","type-page","status-publish","hentry"],"_links":{"self":[{"href":"https:\/\/klotzsch.com\/index.php?rest_route=\/wp\/v2\/pages\/110","targetHints":{"allow":["GET"]}}],"collection":[{"href":"https:\/\/klotzsch.com\/index.php?rest_route=\/wp\/v2\/pages"}],"about":[{"href":"https:\/\/klotzsch.com\/index.php?rest_route=\/wp\/v2\/types\/page"}],"author":[{"embeddable":true,"href":"https:\/\/klotzsch.com\/index.php?rest_route=\/wp\/v2\/users\/6"}],"replies":[{"embeddable":true,"href":"https:\/\/klotzsch.com\/index.php?rest_route=%2Fwp%2Fv2%2Fcomments&post=110"}],"version-history":[{"count":13,"href":"https:\/\/klotzsch.com\/index.php?rest_route=\/wp\/v2\/pages\/110\/revisions"}],"predecessor-version":[{"id":204,"href":"https:\/\/klotzsch.com\/index.php?rest_route=\/wp\/v2\/pages\/110\/revisions\/204"}],"wp:attachment":[{"href":"https:\/\/klotzsch.com\/index.php?rest_route=%2Fwp%2Fv2%2Fmedia&parent=110"}],"curies":[{"name":"wp","href":"https:\/\/api.w.org\/{rel}","templated":true}]}}